{"id":97,"date":"2013-08-07T06:46:50","date_gmt":"2013-08-07T06:46:50","guid":{"rendered":"http:\/\/www.hdspravanemovitosti.cz\/?page_id=97"},"modified":"2024-10-06T22:37:49","modified_gmt":"2024-10-06T20:37:49","slug":"kontakty","status":"publish","type":"page","link":"https:\/\/www.hdspravanemovitosti.cz\/index.php\/kontakty\/","title":{"rendered":"Kontakt"},"content":{"rendered":"<h3><strong>koresponden\u010dn\u00ed adresa \/ kancel\u00e1\u0159 (po p\u0159edchoz\u00ed domluv\u011b)<\/strong><\/h3>\n<p><strong>HD spr\u00e1va nemovitost\u00ed s.r.o.<\/strong><br \/>\nB\u011blocerkevsk\u00e1 633\/8<br \/>\nPraha 10, 100&nbsp;00<\/p>\n<h3><strong>S\u00eddlo:<\/strong><\/h3>\n<p><span style=\"color: #999999;\"><strong>HD spr\u00e1va nemovitost\u00ed s.r.o.<\/strong><\/span><br \/>\n<span style=\"color: #999999;\"> Plze\u0148sk\u00e1 198\/49<\/span><br \/>\n<span style=\"color: #999999;\"> Praha 5, 150&nbsp;00<\/span><\/p>\n<h3><strong>Dal\u0161\u00ed \u00fadaje:<\/strong><\/h3>\n<p>I\u010cO: 01570722<br \/>\nDI\u010c: CZ01570722<br \/>\nSpole\u010dnost zaps\u00e1na 10.&nbsp;kv\u011btna 2013 U M\u011bstsk\u00e9ho soudu v&nbsp;Praze pod spisovou zna\u010dkou C 208597<\/p>\n<p><strong>Email<\/strong>: <a href=\"mailto:info@hdspravanemovitosti.cz?subject=Dotaz%20z%20webu%20-%20\">info@hdspravanemovitosti.cz<\/a><\/p>\n<p><strong>Ji\u0159\u00ed Zmatl\u00edk \/ Dana Zmatl\u00edkov\u00e1<\/strong> &#8211; info, p\u0159edpis<br \/>\n<strong>Email<\/strong>: <a href=\"mailto:zmatlik@hdspravanemovitosti.cz?subject=Dotaz%20z%20webu%20-%20\">zmatlik@hdspravanemovitosti.cz<\/a><br \/>\n<strong>Mobil:<\/strong> 721&nbsp;100&nbsp;241<\/p>\n<p><strong>Zbyn\u011bk Dusil<\/strong> &#8211; jednatel<br \/>\n<strong>Email:<\/strong> <a href=\"mailto:dusil@hdspravanemovitosti.cz\">dusil@hdspravanemovitosti.cz<\/a><br \/>\n<strong>Mobil:<\/strong> 777&nbsp;941&nbsp;107<\/p>\n","protected":false},"excerpt":{"rendered":"<p>koresponden\u010dn\u00ed adresa \/ kancel\u00e1\u0159 (po p\u0159edchoz\u00ed domluv\u011b) HD spr\u00e1va nemovitost\u00ed s.r.o. B\u011blocerkevsk\u00e1 633\/8 Praha 10, 100&nbsp;00 S\u00eddlo: HD spr\u00e1va nemovitost\u00ed s.r.o. Plze\u0148sk\u00e1 198\/49 Praha 5, 150&nbsp;00 Dal\u0161\u00ed \u00fadaje: I\u010cO: 01570722 DI\u010c: CZ01570722 Spole\u010dnost zaps\u00e1na 10.&nbsp;kv\u011btna 2013 U M\u011bstsk\u00e9ho soudu v&nbsp;Praze pod spisovou zna\u010dkou C 208597 Email: info@hdspravanemovitosti.cz Ji\u0159\u00ed Zmatl\u00edk \/ Dana Zmatl\u00edkov\u00e1 &#8211; info, p\u0159edpis [&hellip;]<\/p>\n","protected":false},"author":1,"featured_media":0,"parent":0,"menu_order":0,"comment_status":"closed","ping_status":"closed","template":"","meta":{"_et_pb_use_builder":"","_et_pb_old_content":"","_et_gb_content_width":"","footnotes":""},"class_list":["post-97","page","type-page","status-publish","hentry"],"_links":{"self":[{"href":"https:\/\/www.hdspravanemovitosti.cz\/index.php\/wp-json\/wp\/v2\/pages\/97","targetHints":{"allow":["GET"]}}],"collection":[{"href":"https:\/\/www.hdspravanemovitosti.cz\/index.php\/wp-json\/wp\/v2\/pages"}],"about":[{"href":"https:\/\/www.hdspravanemovitosti.cz\/index.php\/wp-json\/wp\/v2\/types\/page"}],"author":[{"embeddable":true,"href":"https:\/\/www.hdspravanemovitosti.cz\/index.php\/wp-json\/wp\/v2\/users\/1"}],"replies":[{"embeddable":true,"href":"https:\/\/www.hdspravanemovitosti.cz\/index.php\/wp-json\/wp\/v2\/comments?post=97"}],"version-history":[{"count":14,"href":"https:\/\/www.hdspravanemovitosti.cz\/index.php\/wp-json\/wp\/v2\/pages\/97\/revisions"}],"predecessor-version":[{"id":1825,"href":"https:\/\/www.hdspravanemovitosti.cz\/index.php\/wp-json\/wp\/v2\/pages\/97\/revisions\/1825"}],"wp:attachment":[{"href":"https:\/\/www.hdspravanemovitosti.cz\/index.php\/wp-json\/wp\/v2\/media?parent=97"}],"curies":[{"name":"wp","href":"https:\/\/api.w.org\/{rel}","templated":true}]}}