{"id":87,"date":"2013-08-07T06:14:49","date_gmt":"2013-08-07T06:14:49","guid":{"rendered":"http:\/\/www.hdspravanemovitosti.cz\/?page_id=87"},"modified":"2019-03-28T23:41:57","modified_gmt":"2019-03-28T21:41:57","slug":"informace-o-spolecnosti","status":"publish","type":"page","link":"https:\/\/www.hdspravanemovitosti.cz\/index.php\/informace-o-spolecnosti\/","title":{"rendered":"Informace o spole\u010dnosti"},"content":{"rendered":"\n[et_pb_section][et_pb_row][et_pb_column type=&#8220;4_4&#8243;][et_pb_text]<div style=\"float: right;\"><\/div>\n<strong>HD spr\u00e1va nemovitost\u00ed s.r.o.<\/strong>, je spole\u010dnost poskytuj\u00edc\u00ed komplexn\u00ed slu\u017eby v&nbsp;oblasti spr\u00e1vy nemovitost\u00ed a budov v&nbsp;Praze a okol\u00ed.\nSpr\u00e1va nemovitost\u00ed zahrnuje celkov\u00e9 zaji\u0161t\u011bn\u00ed v\u0161ech souvisej\u00edc\u00edch slu\u017eeb \u2013 \u00fa\u010detn\u00ed, ekonomick\u00fd, provozn\u011b technick\u00fd, pr\u00e1vn\u00ed i da\u0148ov\u00fd servis.\n\u00dadr\u017eba nemovitost\u00ed a budov zahrnuje i havarijn\u00ed servis, pravideln\u00e9 revize a \u00faklidov\u00e9 slu\u017eby.\nNa\u0161i nab\u00eddku slu\u017eeb p\u0159izp\u016fsob\u00edme pot\u0159eb\u00e1m Va\u0161eho SVJ, nebo bytov\u00e9ho dru\u017estva, podle toho, zda si budete p\u0159\u00e1t kompletn\u00ed servis, \u010di jen d\u00edl\u010d\u00ed slu\u017ebu.\nSpr\u00e1va nemovitost\u00ed je ur\u010dena jak Spole\u010denstv\u00edm vlastn\u00edk\u016f jednotek &#8211; SVJ, bytov\u00fdm dru\u017estv\u016fm &#8211; BD, tak i pr\u00e1vnick\u00fdm a fyzick\u00fdm osob\u00e1m.\nZa c\u00edl si klademe precizn\u011b provedenou pr\u00e1ci a spokojenost klienta. Slu\u017eby poskytujeme s&nbsp;ohledem a snahou v\u017edy splnit jednotliv\u00e9 po\u017eadavky z\u00e1kazn\u00edka a vybudovat s&nbsp;n\u00edm dlouhodob\u011b dobr\u00e9 vztahy.\n<ul>\n \t<li>Ve\u0161ker\u00e9 na\u0161e slu\u017eby jsou pod\u0159\u00edzeny komplexn\u00edmu servisu budov. Od p\u0159evzet\u00ed spravovan\u00e9ho domu, zaji\u0161t\u011bn\u00ed povinn\u00fdch reviz\u00ed a\u017e po pravideln\u00e9 ode\u010dty a n\u00e1sledn\u00e9 kontroly faktur od dodavatel\u016f energi\u00ed, vody apod.<\/li>\n \t<li>Jm\u00e9nem majitele nemovitosti zaji\u0161\u0165ujeme styk s&nbsp;n\u00e1jemn\u00edky a vedeme korespondenci, administrativn\u00ed a technickou dokumentaci.<\/li>\n \t<li>Zpracov\u00e1v\u00e1me a aktualizujeme pasportizaci a evidenci sv\u011b\u0159en\u00e9ho majetku,\ntj. pasporty, eviden\u010dn\u00ed listy, p\u0159ehledy n\u00e1jemc\u016f a podn\u00e1jemc\u016f. Zaji\u0161\u0165ujeme p\u0159edpis a vy\u00fa\u010dtov\u00e1n\u00ed z\u00e1loh za slu\u017eby<\/li>\n \t<li>Kontrolujeme platby n\u00e1jemn\u00edk\u016f. Platby upom\u00edn\u00e1me a p\u0159ipravujeme podklady pro \u017ealoby.<\/li>\n<\/ul>[\/et_pb_text][\/et_pb_column][\/et_pb_row][\/et_pb_section]\n","protected":false},"excerpt":{"rendered":"<p><div class=\"et_pb_section et_pb_section_0 et_section_regular\" >\n\t\t\t\t\n\t\t\t\t\n\t\t\t\t\n\t\t\t\t\n\t\t\t\t\n\t\t\t\t\n\t\t\t\t\n\t\t\t\t\n\t\t\t\t\n\t\t\t<\/div><div class=\"et_pb_row et_pb_row_0 et_pb_row_empty\">\n\t\t\t\t\n\t\t\t\t\n\t\t\t\t\n\t\t\t\t\n\t\t\t\t\n\t\t\t<\/div><div class=\"et_pb_module et_pb_text et_pb_text_0  et_pb_text_align_left et_pb_bg_layout_light\">\n\t\t\t\t\n\t\t\t\t\n\t\t\t\t\n\t\t\t\t\n\t\t\t\t\n\t\t\t<\/div> HD spr\u00e1va nemovitost\u00ed s.r.o., je spole\u010dnost poskytuj\u00edc\u00ed komplexn\u00ed slu\u017eby v&nbsp;oblasti spr\u00e1vy nemovitost\u00ed a budov v&nbsp;Praze a okol\u00ed. Spr\u00e1va nemovitost\u00ed zahrnuje celkov\u00e9 zaji\u0161t\u011bn\u00ed v\u0161ech souvisej\u00edc\u00edch slu\u017eeb \u2013 \u00fa\u010detn\u00ed, ekonomick\u00fd, provozn\u011b technick\u00fd, pr\u00e1vn\u00ed i da\u0148ov\u00fd servis. \u00dadr\u017eba nemovitost\u00ed a budov zahrnuje i havarijn\u00ed servis, pravideln\u00e9 revize a \u00faklidov\u00e9 slu\u017eby. Na\u0161i nab\u00eddku slu\u017eeb p\u0159izp\u016fsob\u00edme pot\u0159eb\u00e1m [&hellip;]<\/p>\n","protected":false},"author":1,"featured_media":0,"parent":0,"menu_order":0,"comment_status":"closed","ping_status":"closed","template":"","meta":{"_et_pb_use_builder":"on","_et_pb_old_content":"<div style=\"float: right;\"><\/div>\n<strong>HD spr\u00e1va nemovitost\u00ed s.r.o.<\/strong>, je spole\u010dnost poskytuj\u00edc\u00ed komplexn\u00ed slu\u017eby v oblasti spr\u00e1vy nemovitost\u00ed a budov v Praze a okol\u00ed.\nSpr\u00e1va nemovitost\u00ed zahrnuje celkov\u00e9 zaji\u0161t\u011bn\u00ed v\u0161ech souvisej\u00edc\u00edch slu\u017eeb \u2013 \u00fa\u010detn\u00ed, ekonomick\u00fd, provozn\u011b technick\u00fd, pr\u00e1vn\u00ed i da\u0148ov\u00fd servis.\n\u00dadr\u017eba nemovitost\u00ed a budov zahrnuje i havarijn\u00ed servis, pravideln\u00e9 revize a \u00faklidov\u00e9 slu\u017eby.\nNa\u0161i nab\u00eddku slu\u017eeb p\u0159izp\u016fsob\u00edme pot\u0159eb\u00e1m Va\u0161eho SVJ, nebo bytov\u00e9ho dru\u017estva, podle toho, zda si budete p\u0159\u00e1t kompletn\u00ed servis, \u010di jen d\u00edl\u010d\u00ed slu\u017ebu.\nSpr\u00e1va nemovitost\u00ed je ur\u010dena jak Spole\u010denstv\u00edm vlastn\u00edk\u016f jednotek - SVJ, bytov\u00fdm dru\u017estv\u016fm - BD, tak i pr\u00e1vnick\u00fdm a fyzick\u00fdm osob\u00e1m.\nZa c\u00edl si klademe precizn\u011b provedenou pr\u00e1ci a spokojenost klienta. Slu\u017eby poskytujeme s ohledem a snahou v\u017edy splnit jednotliv\u00e9 po\u017eadavky z\u00e1kazn\u00edka a vybudovat s n\u00edm dlouhodob\u011b dobr\u00e9 vztahy.\n<ul>\n \t<li>Ve\u0161ker\u00e9 na\u0161e slu\u017eby jsou pod\u0159\u00edzeny komplexn\u00edmu servisu budov. Od p\u0159evzet\u00ed spravovan\u00e9ho domu, zaji\u0161t\u011bn\u00ed povinn\u00fdch reviz\u00ed a\u017e po pravideln\u00e9 ode\u010dty a n\u00e1sledn\u00e9 kontroly faktur od dodavatel\u016f energi\u00ed, vody apod.<\/li>\n \t<li>Jm\u00e9nem majitele nemovitosti zaji\u0161\u0165ujeme styk s n\u00e1jemn\u00edky a vedeme korespondenci, administrativn\u00ed a technickou dokumentaci.<\/li>\n \t<li>Zpracov\u00e1v\u00e1me a aktualizujeme pasportizaci a evidenci sv\u011b\u0159en\u00e9ho majetku,\ntj. pasporty, eviden\u010dn\u00ed listy, p\u0159ehledy n\u00e1jemc\u016f a podn\u00e1jemc\u016f. Zaji\u0161\u0165ujeme p\u0159edpis a vy\u00fa\u010dtov\u00e1n\u00ed z\u00e1loh za slu\u017eby<\/li>\n \t<li>Kontrolujeme platby n\u00e1jemn\u00edk\u016f. Platby upom\u00edn\u00e1me a p\u0159ipravujeme podklady pro \u017ealoby.<\/li>\n<\/ul>","_et_gb_content_width":"","footnotes":""},"class_list":["post-87","page","type-page","status-publish","hentry"],"_links":{"self":[{"href":"https:\/\/www.hdspravanemovitosti.cz\/index.php\/wp-json\/wp\/v2\/pages\/87","targetHints":{"allow":["GET"]}}],"collection":[{"href":"https:\/\/www.hdspravanemovitosti.cz\/index.php\/wp-json\/wp\/v2\/pages"}],"about":[{"href":"https:\/\/www.hdspravanemovitosti.cz\/index.php\/wp-json\/wp\/v2\/types\/page"}],"author":[{"embeddable":true,"href":"https:\/\/www.hdspravanemovitosti.cz\/index.php\/wp-json\/wp\/v2\/users\/1"}],"replies":[{"embeddable":true,"href":"https:\/\/www.hdspravanemovitosti.cz\/index.php\/wp-json\/wp\/v2\/comments?post=87"}],"version-history":[{"count":2,"href":"https:\/\/www.hdspravanemovitosti.cz\/index.php\/wp-json\/wp\/v2\/pages\/87\/revisions"}],"predecessor-version":[{"id":411,"href":"https:\/\/www.hdspravanemovitosti.cz\/index.php\/wp-json\/wp\/v2\/pages\/87\/revisions\/411"}],"wp:attachment":[{"href":"https:\/\/www.hdspravanemovitosti.cz\/index.php\/wp-json\/wp\/v2\/media?parent=87"}],"curies":[{"name":"wp","href":"https:\/\/api.w.org\/{rel}","templated":true}]}}