{"id":747,"date":"2022-02-08T11:40:28","date_gmt":"2022-02-08T09:40:28","guid":{"rendered":"https:\/\/www.hdspravanemovitosti.cz\/?page_id=747"},"modified":"2022-02-08T11:40:29","modified_gmt":"2022-02-08T09:40:29","slug":"svjstechovicka","status":"publish","type":"page","link":"https:\/\/www.hdspravanemovitosti.cz\/index.php\/svjstechovicka\/","title":{"rendered":"SVJ \u0160t\u011bchovick\u00e1"},"content":{"rendered":"","protected":true},"excerpt":{"rendered":"","protected":true},"author":1,"featured_media":0,"parent":0,"menu_order":0,"comment_status":"closed","ping_status":"closed","template":"","meta":{"_et_pb_use_builder":"off","_et_pb_old_content":"","_et_gb_content_width":"","footnotes":""},"class_list":["post-747","page","type-page","status-publish","post-password-required","hentry"],"_links":{"self":[{"href":"https:\/\/www.hdspravanemovitosti.cz\/index.php\/wp-json\/wp\/v2\/pages\/747","targetHints":{"allow":["GET"]}}],"collection":[{"href":"https:\/\/www.hdspravanemovitosti.cz\/index.php\/wp-json\/wp\/v2\/pages"}],"about":[{"href":"https:\/\/www.hdspravanemovitosti.cz\/index.php\/wp-json\/wp\/v2\/types\/page"}],"author":[{"embeddable":true,"href":"https:\/\/www.hdspravanemovitosti.cz\/index.php\/wp-json\/wp\/v2\/users\/1"}],"replies":[{"embeddable":true,"href":"https:\/\/www.hdspravanemovitosti.cz\/index.php\/wp-json\/wp\/v2\/comments?post=747"}],"version-history":[{"count":1,"href":"https:\/\/www.hdspravanemovitosti.cz\/index.php\/wp-json\/wp\/v2\/pages\/747\/revisions"}],"predecessor-version":[{"id":751,"href":"https:\/\/www.hdspravanemovitosti.cz\/index.php\/wp-json\/wp\/v2\/pages\/747\/revisions\/751"}],"wp:attachment":[{"href":"https:\/\/www.hdspravanemovitosti.cz\/index.php\/wp-json\/wp\/v2\/media?parent=747"}],"curies":[{"name":"wp","href":"https:\/\/api.w.org\/{rel}","templated":true}]}}