{"id":37,"date":"2013-08-04T11:35:57","date_gmt":"2013-08-04T11:35:57","guid":{"rendered":"http:\/\/www.hdspravanemovitosti.cz\/?page_id=37"},"modified":"2021-03-22T01:47:21","modified_gmt":"2021-03-21T23:47:21","slug":"sprava-nemovitosti","status":"publish","type":"page","link":"https:\/\/www.hdspravanemovitosti.cz\/","title":{"rendered":"Spr\u00e1va nemovitost\u00ed"},"content":{"rendered":"<h1>P\u0159ehled slu\u017eeb<\/h1>\n<h2>Ekonomick\u00e1 spr\u00e1va budov a nemovitost\u00ed<\/h2>\n<h3>Z\u00e1kladn\u00ed nab\u00eddka<\/h3>\n<ul>\n<li>\u00da\u010detnictv\u00ed\n<ul>\n<li>veden\u00ed \u00fa\u010detnictv\u00ed<\/li>\n<li>b\u011b\u017en\u00e9 \u00fa\u010detn\u00ed poradenstv\u00ed a vysv\u011btlen\u00ed pou\u017eit\u00fdch postup\u016f<\/li>\n<li>sestaven\u00ed \u00fa\u010detn\u00ed z\u00e1v\u011brky<\/li>\n<li>ro\u010dn\u00ed zpr\u00e1va o hospoda\u0159en\u00ed<\/li>\n<\/ul>\n<\/li>\n<li>P\u0159edpisy z\u00e1loh\n<ul>\n<li>veden\u00ed a aktualizace evidence vlastn\u00edk\u016f bytov\u00fdch a nebytov\u00fdch jednotek, gar\u00e1\u017e\u00ed a gar\u00e1\u017eov\u00fdch st\u00e1n\u00ed<\/li>\n<li>vyhotoven\u00ed p\u0159edpisu z\u00e1loh a vystaven\u00ed eviden\u010dn\u00edch (v\u00fdpo\u010dtov\u00fdch) list\u016f<\/li>\n<li>\u00faprava z\u00e1loh na slu\u017eby p\u0159i zm\u011bn\u011b zp\u016fsobu jejich tvorby nebo v\u00fd\u0161e<\/li>\n<li>roz\u00fa\u010dtov\u00e1n\u00ed z\u00e1loh na slu\u017eby jedenkr\u00e1t ro\u010dn\u011b<\/li>\n<li>kontrola \u00fahrad z\u00e1lohov\u00fdch plateb, v\u00a0p\u0159\u00edpad\u011b v\u010dasn\u00e9ho nezaplacen\u00ed informov\u00e1n\u00ed pov\u011b\u0159en\u00e9 osoby ur\u010den\u00e9 klientem (elektronicky)<\/li>\n<\/ul>\n<\/li>\n<li>Ostatn\u00ed\n<ul>\n<li>pasivn\u00ed nahl\u00ed\u017een\u00ed na bankovn\u00ed \u00fa\u010det klienta za \u00fa\u010delem kontroly proveden\u00fdch plateb a po\u0159izov\u00e1n\u00ed v\u00fdpis\u016f<\/li>\n<\/ul>\n<\/li>\n<\/ul>\n<h3>Dopl\u0148uj\u00edc\u00ed nab\u00eddka<\/h3>\n<ul>\n<li>\u00da\u010detnictv\u00ed\n<ul>\n<li>mzdov\u00e1 a person\u00e1ln\u00ed agenda statut\u00e1rn\u00edch org\u00e1n\u016f<\/li>\n<li>mzdov\u00e1 a person\u00e1ln\u00ed agenda zam\u011bstnanc\u016f<\/li>\n<\/ul>\n<\/li>\n<li>Poji\u0161t\u011bn\u00ed\n<ul>\n<li>zaji\u0161t\u011bn\u00ed poji\u0161t\u011bn\u00ed nemovitosti, statut\u00e1rn\u00edch org\u00e1n\u016f dle po\u017eadavku klienta<\/li>\n<\/ul>\n<\/li>\n<li>Ostatn\u00ed\n<ul>\n<li>realizace finan\u010dn\u00edch operac\u00ed prost\u0159ednictv\u00edm bankovn\u00edho \u00fa\u010dtu klienta dle pokyn\u016f klienta<\/li>\n<\/ul>\n<\/li>\n<\/ul>\n<h2>Technick\u00e1 spr\u00e1va budov a nemovitost\u00ed<\/h2>\n<h3>Z\u00e1kladn\u00ed nab\u00eddka<\/h3>\n<ul>\n<li>Evidence, revize a opravy\n<ul>\n<li>veden\u00ed pasport\u016f bytov\u00fdch a nebytov\u00fdch jednotek, gar\u00e1\u017e\u00ed a gar\u00e1\u017eov\u00fdch st\u00e1n\u00ed<\/li>\n<li>zalo\u017een\u00ed a pr\u016fb\u011b\u017en\u00e1 aktualizace pasport\u016f<\/li>\n<li>vytvo\u0159en\u00ed p\u0159ehledu o technick\u00e9m stavu nemovitosti<\/li>\n<li>sestaven\u00ed pl\u00e1nu reviz\u00ed, kontrol a zkou\u0161ek technick\u00fdch za\u0159\u00edzen\u00ed a sledov\u00e1n\u00ed doby platnosti<\/li>\n<li>veden\u00ed evidence pom\u011brov\u00fdch m\u011b\u0159idel<\/li>\n<li>p\u0159evod smluv na dod\u00e1vku slu\u017eeb a m\u00e9di\u00ed (elektrick\u00e1 energie, plyn, voda, teplo, provoz v\u00fdtahu, odpad, poji\u0161t\u011bn\u00ed)<\/li>\n<li>p\u0159evzet\u00ed dokument\u016f k\u00a0nemovitosti od b\u00fdval\u00e9ho spr\u00e1vce a klienta<\/li>\n<li>archivace a veden\u00ed dokumentace vlastn\u00edka nemovitosti po dobu spr\u00e1vy<\/li>\n<\/ul>\n<\/li>\n<\/ul>\n<h3>Dopl\u0148uj\u00edc\u00ed nab\u00eddka<\/h3>\n<ul>\n<li>Evidence, revize a opravy\n<ul>\n<li>zaji\u0161t\u011bn\u00ed reviz\u00ed a odstran\u011bn\u00ed zji\u0161t\u011bn\u00fdch z\u00e1vad<\/li>\n<li>zaji\u0161t\u011bn\u00ed drobn\u00e9 \u00fadr\u017eby a oprav nemovitosti<\/li>\n<li>pravideln\u00e9 prohl\u00eddky nemovitosti v\u010detn\u011b pod\u00e1v\u00e1n\u00ed n\u00e1vrh\u016f na nezbytn\u00e9 opravy, \u00fapravy \u010di rekonstrukce<\/li>\n<li>zaji\u0161t\u011bn\u00ed prov\u00e1d\u011bn\u00ed desinfekce, dezinsekce a deratizace spole\u010dn\u00fdch prostor<\/li>\n<\/ul>\n<\/li>\n<li>Ode\u010dty pom\u011brov\u00fdch m\u011b\u0159idel (elektrick\u00e1 energie, plyn, voda, teplo)\n<ul>\n<li>zaji\u0161t\u011bn\u00ed proveden\u00ed ode\u010dtu pom\u011brov\u00fdch m\u011b\u0159idel pro \u00fa\u010dely vy\u00fa\u010dtov\u00e1n\u00ed medi\u00ed<\/li>\n<li>roz\u00fa\u010dtov\u00e1n\u00ed z\u00e1loh na media jedenkr\u00e1t ro\u010dn\u011b<\/li>\n<\/ul>\n<\/li>\n<li>Ostatn\u00ed\n<ul>\n<li>zaji\u0161t\u011bn\u00ed znaleck\u00fdch a odborn\u00fdch posudk\u016f<\/li>\n<\/ul>\n<\/li>\n<\/ul>\n<h3>Dal\u0161\u00ed slu\u017eby<\/h3>\n<ul>\n<li>Pr\u00e1vn\u00ed oblast\n<ul>\n<li>zaji\u0161t\u011bn\u00ed auditu uzav\u0159en\u00fdch smluv<\/li>\n<li>zaji\u0161t\u011bn\u00ed vym\u00e1h\u00e1n\u00ed dlu\u017en\u00fdch plateb a p\u0159\u00edpravy podklad\u016f pro soudn\u00ed nebo mimosoudn\u00ed vypo\u0159\u00e1d\u00e1n\u00ed<\/li>\n<li>zaji\u0161t\u011bn\u00ed zastupov\u00e1n\u00ed z\u00e1jm\u016f klienta t\u00fdkaj\u00edc\u00edch se spravovan\u00e9ho majetku na z\u00e1klad\u011b pln\u00e9 moci<\/li>\n<li>zaji\u0161t\u011bn\u00ed z\u00e1pis\u016f zm\u011bn do rejst\u0159\u00edku a sb\u00edrky listin<\/li>\n<li>zaji\u0161t\u011bn\u00ed slu\u017eeb advok\u00e1ta<\/li>\n<\/ul>\n<\/li>\n<li>Podpora org\u00e1n\u016f SVJ\n<ul>\n<li>\u00fa\u010dast spr\u00e1vce na jedn\u00e1n\u00edch v\u00fdboru, kontroln\u00ed komise, \u010di shrom\u00e1\u017ed\u011bn\u00ed vlastn\u00edk\u016f, p\u0159\u00edpadn\u011b na jin\u00e9m jedn\u00e1n\u00ed dle dohody s\u00a0klientem<\/li>\n<li>zaji\u0161t\u011bn\u00ed p\u0159\u00edpravy a kompletn\u00ed realizace shrom\u00e1\u017ed\u011bn\u00ed SVJ a \u010dlensk\u00e9 sch\u016fze BD<\/li>\n<\/ul>\n<\/li>\n<li>In\u017een\u00fdrsk\u00e1 oblast\n<ul>\n<li>zaji\u0161\u0165ov\u00e1n\u00ed rozs\u00e1hlej\u0161\u00edch oprav, \u00fadr\u017eby a rekonstrukc\u00ed nad r\u00e1mec b\u011b\u017en\u00e9 \u00fadr\u017eby spr\u00e1vcem, podle klientem schv\u00e1len\u00fdch n\u00e1vrh\u016f<\/li>\n<li>zaji\u0161t\u011bn\u00ed projektov\u00e9 dokumentace v\u00a0souladu s\u00a0po\u017eadavky klienta<\/li>\n<li>organizace v\u00fdb\u011brov\u00fdch \u0159\u00edzen\u00ed nad r\u00e1mec b\u011b\u017en\u00e9 \u00fadr\u017eby v\u00a0souladu s\u00a0po\u017eadavky klienta<\/li>\n<li>p\u0159ij\u00edm\u00e1n\u00ed a hodnocen\u00ed nab\u00eddek ve spolupr\u00e1ci s\u00a0klientem, v\u010detn\u011b souvisej\u00edc\u00edch administrativn\u00edch \u010dinnost\u00ed<\/li>\n<li>zaji\u0161t\u011bn\u00ed p\u0159\u00edpravy smlouvy na m\u00edru s\u00a0vybran\u00fdm uchaze\u010dem<\/li>\n<li>zaji\u0161t\u011bn\u00ed stavebn\u011b technick\u00e9ho dozoru<\/li>\n<\/ul>\n<\/li>\n<li>Ostatn\u00ed\n<ul>\n<li>zastupov\u00e1n\u00ed klienta v\u00a0p\u0159\u00edpad\u011b likvidace pojistn\u00fdch ud\u00e1lost\u00ed: hl\u00e1\u0161en\u00ed \u0161kod, p\u0159\u00edprava podklad\u016f a komunikace s\u00a0poji\u0161\u0165ovnou<\/li>\n<li>zaji\u0161t\u011bn\u00ed energetick\u00e9ho auditu v\u010detn\u011b pr\u016fkazu energetick\u00e9 n\u00e1ro\u010dnosti budovy (PENB)<\/li>\n<li>zaji\u0161t\u011bn\u00ed \u00fa\u010detn\u00edho auditu<\/li>\n<li>slu\u017eby na p\u0159\u00e1n\u00ed klienta<\/li>\n<\/ul>\n<\/li>\n<\/ul>\n","protected":false},"excerpt":{"rendered":"<p>P\u0159ehled slu\u017eeb Ekonomick\u00e1 spr\u00e1va budov a nemovitost\u00ed Z\u00e1kladn\u00ed nab\u00eddka \u00da\u010detnictv\u00ed veden\u00ed \u00fa\u010detnictv\u00ed b\u011b\u017en\u00e9 \u00fa\u010detn\u00ed poradenstv\u00ed a vysv\u011btlen\u00ed pou\u017eit\u00fdch postup\u016f sestaven\u00ed \u00fa\u010detn\u00ed z\u00e1v\u011brky ro\u010dn\u00ed zpr\u00e1va o hospoda\u0159en\u00ed P\u0159edpisy z\u00e1loh veden\u00ed a aktualizace evidence vlastn\u00edk\u016f bytov\u00fdch a nebytov\u00fdch jednotek, gar\u00e1\u017e\u00ed a gar\u00e1\u017eov\u00fdch st\u00e1n\u00ed vyhotoven\u00ed p\u0159edpisu z\u00e1loh a vystaven\u00ed eviden\u010dn\u00edch (v\u00fdpo\u010dtov\u00fdch) list\u016f \u00faprava z\u00e1loh na slu\u017eby p\u0159i zm\u011bn\u011b [&hellip;]<\/p>\n","protected":false},"author":1,"featured_media":0,"parent":0,"menu_order":0,"comment_status":"closed","ping_status":"closed","template":"","meta":{"_et_pb_use_builder":"off","_et_pb_old_content":"","_et_gb_content_width":"","footnotes":""},"class_list":["post-37","page","type-page","status-publish","hentry"],"_links":{"self":[{"href":"https:\/\/www.hdspravanemovitosti.cz\/index.php\/wp-json\/wp\/v2\/pages\/37","targetHints":{"allow":["GET"]}}],"collection":[{"href":"https:\/\/www.hdspravanemovitosti.cz\/index.php\/wp-json\/wp\/v2\/pages"}],"about":[{"href":"https:\/\/www.hdspravanemovitosti.cz\/index.php\/wp-json\/wp\/v2\/types\/page"}],"author":[{"embeddable":true,"href":"https:\/\/www.hdspravanemovitosti.cz\/index.php\/wp-json\/wp\/v2\/users\/1"}],"replies":[{"embeddable":true,"href":"https:\/\/www.hdspravanemovitosti.cz\/index.php\/wp-json\/wp\/v2\/comments?post=37"}],"version-history":[{"count":6,"href":"https:\/\/www.hdspravanemovitosti.cz\/index.php\/wp-json\/wp\/v2\/pages\/37\/revisions"}],"predecessor-version":[{"id":671,"href":"https:\/\/www.hdspravanemovitosti.cz\/index.php\/wp-json\/wp\/v2\/pages\/37\/revisions\/671"}],"wp:attachment":[{"href":"https:\/\/www.hdspravanemovitosti.cz\/index.php\/wp-json\/wp\/v2\/media?parent=37"}],"curies":[{"name":"wp","href":"https:\/\/api.w.org\/{rel}","templated":true}]}}