{"id":1581,"date":"2024-01-04T01:27:19","date_gmt":"2024-01-03T23:27:19","guid":{"rendered":"https:\/\/www.hdspravanemovitosti.cz\/?page_id=1581"},"modified":"2024-01-04T01:27:20","modified_gmt":"2024-01-03T23:27:20","slug":"zari-2023","status":"publish","type":"page","link":"https:\/\/www.hdspravanemovitosti.cz\/index.php\/karmelitska\/mesicni-prohlidky-2023\/zari-2023\/","title":{"rendered":"Z\u00e1\u0159\u00ed 2023"},"content":{"rendered":"","protected":true},"excerpt":{"rendered":"","protected":true},"author":1,"featured_media":0,"parent":1192,"menu_order":2,"comment_status":"closed","ping_status":"closed","template":"","meta":{"_et_pb_use_builder":"off","_et_pb_old_content":"","_et_gb_content_width":"","footnotes":""},"class_list":["post-1581","page","type-page","status-publish","post-password-required","hentry"],"_links":{"self":[{"href":"https:\/\/www.hdspravanemovitosti.cz\/index.php\/wp-json\/wp\/v2\/pages\/1581","targetHints":{"allow":["GET"]}}],"collection":[{"href":"https:\/\/www.hdspravanemovitosti.cz\/index.php\/wp-json\/wp\/v2\/pages"}],"about":[{"href":"https:\/\/www.hdspravanemovitosti.cz\/index.php\/wp-json\/wp\/v2\/types\/page"}],"author":[{"embeddable":true,"href":"https:\/\/www.hdspravanemovitosti.cz\/index.php\/wp-json\/wp\/v2\/users\/1"}],"replies":[{"embeddable":true,"href":"https:\/\/www.hdspravanemovitosti.cz\/index.php\/wp-json\/wp\/v2\/comments?post=1581"}],"version-history":[{"count":2,"href":"https:\/\/www.hdspravanemovitosti.cz\/index.php\/wp-json\/wp\/v2\/pages\/1581\/revisions"}],"predecessor-version":[{"id":1614,"href":"https:\/\/www.hdspravanemovitosti.cz\/index.php\/wp-json\/wp\/v2\/pages\/1581\/revisions\/1614"}],"up":[{"embeddable":true,"href":"https:\/\/www.hdspravanemovitosti.cz\/index.php\/wp-json\/wp\/v2\/pages\/1192"}],"wp:attachment":[{"href":"https:\/\/www.hdspravanemovitosti.cz\/index.php\/wp-json\/wp\/v2\/media?parent=1581"}],"curies":[{"name":"wp","href":"https:\/\/api.w.org\/{rel}","templated":true}]}}