{"id":1051,"date":"2022-09-11T13:26:16","date_gmt":"2022-09-11T11:26:16","guid":{"rendered":"https:\/\/www.hdspravanemovitosti.cz\/?page_id=1051"},"modified":"2022-09-11T13:26:17","modified_gmt":"2022-09-11T11:26:17","slug":"zari-2022","status":"publish","type":"page","link":"https:\/\/www.hdspravanemovitosti.cz\/index.php\/karmelitska\/mesicni-prohlidky-2022\/zari-2022\/","title":{"rendered":"Z\u00e1\u0159\u00ed 2022"},"content":{"rendered":"","protected":true},"excerpt":{"rendered":"","protected":true},"author":1,"featured_media":0,"parent":698,"menu_order":2,"comment_status":"closed","ping_status":"closed","template":"","meta":{"_et_pb_use_builder":"off","_et_pb_old_content":"","_et_gb_content_width":"","footnotes":""},"class_list":["post-1051","page","type-page","status-publish","post-password-required","hentry"],"_links":{"self":[{"href":"https:\/\/www.hdspravanemovitosti.cz\/index.php\/wp-json\/wp\/v2\/pages\/1051","targetHints":{"allow":["GET"]}}],"collection":[{"href":"https:\/\/www.hdspravanemovitosti.cz\/index.php\/wp-json\/wp\/v2\/pages"}],"about":[{"href":"https:\/\/www.hdspravanemovitosti.cz\/index.php\/wp-json\/wp\/v2\/types\/page"}],"author":[{"embeddable":true,"href":"https:\/\/www.hdspravanemovitosti.cz\/index.php\/wp-json\/wp\/v2\/users\/1"}],"replies":[{"embeddable":true,"href":"https:\/\/www.hdspravanemovitosti.cz\/index.php\/wp-json\/wp\/v2\/comments?post=1051"}],"version-history":[{"count":1,"href":"https:\/\/www.hdspravanemovitosti.cz\/index.php\/wp-json\/wp\/v2\/pages\/1051\/revisions"}],"predecessor-version":[{"id":1079,"href":"https:\/\/www.hdspravanemovitosti.cz\/index.php\/wp-json\/wp\/v2\/pages\/1051\/revisions\/1079"}],"up":[{"embeddable":true,"href":"https:\/\/www.hdspravanemovitosti.cz\/index.php\/wp-json\/wp\/v2\/pages\/698"}],"wp:attachment":[{"href":"https:\/\/www.hdspravanemovitosti.cz\/index.php\/wp-json\/wp\/v2\/media?parent=1051"}],"curies":[{"name":"wp","href":"https:\/\/api.w.org\/{rel}","templated":true}]}}